{"id":13492,"date":"2026-03-05T10:31:00","date_gmt":"2026-03-05T10:31:00","guid":{"rendered":"https:\/\/distinctlyyou.shop\/?post_type=product&#038;p=13492"},"modified":"2026-03-05T10:33:51","modified_gmt":"2026-03-05T10:33:51","slug":"vevor-gas-chainsaw-cordless-petrol-chain-saw-for-tree-cutting-trimming-land-clearing-durable-handheld-design-for-farm-garden-use","status":"publish","type":"product","link":"https:\/\/distinctlyyou.shop\/es\/producto\/vevor-gas-chainsaw-cordless-petrol-chain-saw-for-tree-cutting-trimming-land-clearing-durable-handheld-design-for-farm-garden-use\/","title":{"rendered":"Motosierra de gas VEVOR - Motosierra de gasolina sin cable para cortar \u00e1rboles, podar y desbrozar, dise\u00f1o duradero de mano para uso en granja y jard\u00edn"},"content":{"rendered":"<div data-elementor-type=\"product-post\" data-elementor-id=\"13492\" class=\"elementor elementor-13492\" data-elementor-post-type=\"product\">\n\t\t\t\t<div class=\"elementor-element elementor-element-1a001174 e-flex e-con-boxed e-con e-parent\" data-id=\"1a001174\" data-element_type=\"container\" data-settings=\"{&quot;ekit_has_onepagescroll_dot&quot;:&quot;yes&quot;}\">\n\t\t\t\t\t<div class=\"e-con-inner\">\n\t\t\t\t<div class=\"elementor-element elementor-element-1ebcab18 elementor-widget elementor-widget-heading\" data-id=\"1ebcab18\" data-element_type=\"widget\" data-settings=\"{&quot;ekit_we_effect_on&quot;:&quot;none&quot;}\" data-widget_type=\"heading.default\">\n\t\t\t\t<div class=\"elementor-widget-container\">\n\t\t\t\t\t<h2 class=\"elementor-heading-title elementor-size-default\">Motosierra de Gas VEVOR - Corta con Potencia, Trabaja con Facilidad<\/h2>\t\t\t\t<\/div>\n\t\t\t\t<\/div>\n\t\t\t\t\t<\/div>\n\t\t\t\t<\/div>\n\t\t<div class=\"elementor-element elementor-element-12a8bef7 e-flex e-con-boxed e-con e-parent\" data-id=\"12a8bef7\" data-element_type=\"container\" data-settings=\"{&quot;ekit_has_onepagescroll_dot&quot;:&quot;yes&quot;}\">\n\t\t\t\t\t<div class=\"e-con-inner\">\n\t\t<div class=\"elementor-element elementor-element-5d42d883 e-con-full e-flex e-con e-child\" data-id=\"5d42d883\" data-element_type=\"container\" data-settings=\"{&quot;ekit_has_onepagescroll_dot&quot;:&quot;yes&quot;}\">\n\t\t\t\t<div class=\"elementor-element elementor-element-403354f0 elementor-widget elementor-widget-image\" data-id=\"403354f0\" data-element_type=\"widget\" data-settings=\"{&quot;ekit_we_effect_on&quot;:&quot;none&quot;}\" data-widget_type=\"image.default\">\n\t\t\t\t<div class=\"elementor-widget-container\">\n\t\t\t\t\t\t\t\t\t\t\t\t\t\t\t<img loading=\"lazy\" decoding=\"async\" width=\"1464\" height=\"600\" src=\"https:\/\/distinctlyyou.shop\/wp-content\/uploads\/2026\/03\/1-3.jpg\" class=\"attachment-full size-full wp-image-13513 wvs-archive-product-image\" alt=\"\" srcset=\"https:\/\/distinctlyyou.shop\/wp-content\/uploads\/2026\/03\/1-3.jpg 1464w, https:\/\/distinctlyyou.shop\/wp-content\/uploads\/2026\/03\/1-3-300x123.jpg 300w, https:\/\/distinctlyyou.shop\/wp-content\/uploads\/2026\/03\/1-3-1024x420.jpg 1024w, https:\/\/distinctlyyou.shop\/wp-content\/uploads\/2026\/03\/1-3-768x315.jpg 768w, https:\/\/distinctlyyou.shop\/wp-content\/uploads\/2026\/03\/1-3-18x7.jpg 18w, https:\/\/distinctlyyou.shop\/wp-content\/uploads\/2026\/03\/1-3-600x246.jpg 600w, https:\/\/distinctlyyou.shop\/wp-content\/uploads\/2026\/03\/1-3-1x1.jpg 1w, https:\/\/distinctlyyou.shop\/wp-content\/uploads\/2026\/03\/1-3-10x4.jpg 10w\" sizes=\"auto, (max-width: 1464px) 100vw, 1464px\" \/>\t\t\t\t\t\t\t\t\t\t\t\t\t\t\t<\/div>\n\t\t\t\t<\/div>\n\t\t\t\t<\/div>\n\t\t\t\t\t<\/div>\n\t\t\t\t<\/div>\n\t\t<div class=\"elementor-element elementor-element-5f1b75cc e-flex e-con-boxed e-con e-parent\" data-id=\"5f1b75cc\" data-element_type=\"container\" data-settings=\"{&quot;ekit_has_onepagescroll_dot&quot;:&quot;yes&quot;}\">\n\t\t\t\t\t<div class=\"e-con-inner\">\n\t\t\t\t<div class=\"elementor-element elementor-element-39c64157 elementor-widget elementor-widget-heading\" data-id=\"39c64157\" data-element_type=\"widget\" data-settings=\"{&quot;ekit_we_effect_on&quot;:&quot;none&quot;}\" data-widget_type=\"heading.default\">\n\t\t\t\t<div class=\"elementor-widget-container\">\n\t\t\t\t\t<h2 class=\"elementor-heading-title elementor-size-default\">Empiece a trabajar en un abrir y cerrar de ojos con la funci\u00f3n de arranque f\u00e1cil de nuestra motosierra de gas. S\u00f3lo tiene que pulsar el bot\u00f3n y estar\u00e1 listo para empezar. La buj\u00eda de primera clase y el carburador de lat\u00f3n garantizan un arranque suave en todo momento, incluso cuando hace calor.<\/h2>\t\t\t\t<\/div>\n\t\t\t\t<\/div>\n\t\t\t\t\t<\/div>\n\t\t\t\t<\/div>\n\t\t<div class=\"elementor-element elementor-element-2d63335b e-flex e-con-boxed e-con e-parent\" data-id=\"2d63335b\" data-element_type=\"container\" data-settings=\"{&quot;ekit_has_onepagescroll_dot&quot;:&quot;yes&quot;}\">\n\t\t\t\t\t<div class=\"e-con-inner\">\n\t\t\t\t<div class=\"elementor-element elementor-element-486a937a elementor-widget elementor-widget-image\" data-id=\"486a937a\" data-element_type=\"widget\" data-settings=\"{&quot;ekit_we_effect_on&quot;:&quot;none&quot;}\" data-widget_type=\"image.default\">\n\t\t\t\t<div class=\"elementor-widget-container\">\n\t\t\t\t\t\t\t\t\t\t\t\t\t\t\t<img loading=\"lazy\" decoding=\"async\" width=\"1464\" height=\"600\" src=\"https:\/\/distinctlyyou.shop\/wp-content\/uploads\/2026\/03\/2-1.jpg\" class=\"attachment-full size-full wp-image-13514 wvs-archive-product-image\" alt=\"\" srcset=\"https:\/\/distinctlyyou.shop\/wp-content\/uploads\/2026\/03\/2-1.jpg 1464w, https:\/\/distinctlyyou.shop\/wp-content\/uploads\/2026\/03\/2-1-300x123.jpg 300w, https:\/\/distinctlyyou.shop\/wp-content\/uploads\/2026\/03\/2-1-1024x420.jpg 1024w, https:\/\/distinctlyyou.shop\/wp-content\/uploads\/2026\/03\/2-1-768x315.jpg 768w, https:\/\/distinctlyyou.shop\/wp-content\/uploads\/2026\/03\/2-1-18x7.jpg 18w, https:\/\/distinctlyyou.shop\/wp-content\/uploads\/2026\/03\/2-1-600x246.jpg 600w, https:\/\/distinctlyyou.shop\/wp-content\/uploads\/2026\/03\/2-1-1x1.jpg 1w, https:\/\/distinctlyyou.shop\/wp-content\/uploads\/2026\/03\/2-1-10x4.jpg 10w\" sizes=\"auto, (max-width: 1464px) 100vw, 1464px\" \/>\t\t\t\t\t\t\t\t\t\t\t\t\t\t\t<\/div>\n\t\t\t\t<\/div>\n\t\t\t\t\t<\/div>\n\t\t\t\t<\/div>\n\t\t<div class=\"elementor-element elementor-element-17605635 e-flex e-con-boxed e-con e-parent\" data-id=\"17605635\" data-element_type=\"container\" data-settings=\"{&quot;ekit_has_onepagescroll_dot&quot;:&quot;yes&quot;}\">\n\t\t\t\t\t<div class=\"e-con-inner\">\n\t\t\t\t<div class=\"elementor-element elementor-element-b94b556 elementor-widget elementor-widget-heading\" data-id=\"b94b556\" data-element_type=\"widget\" data-settings=\"{&quot;ekit_we_effect_on&quot;:&quot;none&quot;}\" data-widget_type=\"heading.default\">\n\t\t\t\t<div class=\"elementor-widget-container\">\n\t\t\t\t\t<h2 class=\"elementor-heading-title elementor-size-default\">Mant\u00e9ngase seguro con el gran protector de nuestra motosierra de gas. Mantiene a raya el serr\u00edn para que puedas trabajar con confianza y proteger tus manos.<\/h2>\t\t\t\t<\/div>\n\t\t\t\t<\/div>\n\t\t\t\t\t<\/div>\n\t\t\t\t<\/div>\n\t\t<div class=\"elementor-element elementor-element-5781af5c e-flex e-con-boxed e-con e-parent\" data-id=\"5781af5c\" data-element_type=\"container\" data-settings=\"{&quot;ekit_has_onepagescroll_dot&quot;:&quot;yes&quot;}\">\n\t\t\t\t\t<div class=\"e-con-inner\">\n\t\t\t\t<div class=\"elementor-element elementor-element-26e31935 elementor-widget elementor-widget-image\" data-id=\"26e31935\" data-element_type=\"widget\" data-settings=\"{&quot;ekit_we_effect_on&quot;:&quot;none&quot;}\" data-widget_type=\"image.default\">\n\t\t\t\t<div class=\"elementor-widget-container\">\n\t\t\t\t\t\t\t\t\t\t\t\t\t\t\t<img loading=\"lazy\" decoding=\"async\" width=\"1464\" height=\"600\" src=\"https:\/\/distinctlyyou.shop\/wp-content\/uploads\/2026\/03\/3-1.jpg\" class=\"attachment-full size-full wp-image-13515 wvs-archive-product-image\" alt=\"\" srcset=\"https:\/\/distinctlyyou.shop\/wp-content\/uploads\/2026\/03\/3-1.jpg 1464w, https:\/\/distinctlyyou.shop\/wp-content\/uploads\/2026\/03\/3-1-300x123.jpg 300w, https:\/\/distinctlyyou.shop\/wp-content\/uploads\/2026\/03\/3-1-1024x420.jpg 1024w, https:\/\/distinctlyyou.shop\/wp-content\/uploads\/2026\/03\/3-1-768x315.jpg 768w, https:\/\/distinctlyyou.shop\/wp-content\/uploads\/2026\/03\/3-1-18x7.jpg 18w, https:\/\/distinctlyyou.shop\/wp-content\/uploads\/2026\/03\/3-1-600x246.jpg 600w, https:\/\/distinctlyyou.shop\/wp-content\/uploads\/2026\/03\/3-1-1x1.jpg 1w, https:\/\/distinctlyyou.shop\/wp-content\/uploads\/2026\/03\/3-1-10x4.jpg 10w\" sizes=\"auto, (max-width: 1464px) 100vw, 1464px\" \/>\t\t\t\t\t\t\t\t\t\t\t\t\t\t\t<\/div>\n\t\t\t\t<\/div>\n\t\t\t\t\t<\/div>\n\t\t\t\t<\/div>\n\t\t<div class=\"elementor-element elementor-element-361125c0 e-flex e-con-boxed e-con e-parent\" data-id=\"361125c0\" data-element_type=\"container\" data-settings=\"{&quot;ekit_has_onepagescroll_dot&quot;:&quot;yes&quot;}\">\n\t\t\t\t\t<div class=\"e-con-inner\">\n\t\t\t\t<div class=\"elementor-element elementor-element-504822ec elementor-widget elementor-widget-heading\" data-id=\"504822ec\" data-element_type=\"widget\" data-settings=\"{&quot;ekit_we_effect_on&quot;:&quot;none&quot;}\" data-widget_type=\"heading.default\">\n\t\t\t\t<div class=\"elementor-widget-container\">\n\t\t\t\t\t<h2 class=\"elementor-heading-title elementor-size-default\">Ajuste la tensi\u00f3n de la cadena r\u00e1pida y f\u00e1cilmente con el pomo sin herramientas. Atornillados de forma segura, la barra y la cadena permanecen tensos, ofreci\u00e9ndole una experiencia de corte m\u00e1s segura y eficiente.<\/h2>\t\t\t\t<\/div>\n\t\t\t\t<\/div>\n\t\t\t\t\t<\/div>\n\t\t\t\t<\/div>\n\t\t<div class=\"elementor-element elementor-element-3391daf5 e-flex e-con-boxed e-con e-parent\" data-id=\"3391daf5\" data-element_type=\"container\" data-settings=\"{&quot;ekit_has_onepagescroll_dot&quot;:&quot;yes&quot;}\">\n\t\t\t\t\t<div class=\"e-con-inner\">\n\t\t\t\t<div class=\"elementor-element elementor-element-21ac334c elementor-widget elementor-widget-image\" data-id=\"21ac334c\" data-element_type=\"widget\" data-settings=\"{&quot;ekit_we_effect_on&quot;:&quot;none&quot;}\" data-widget_type=\"image.default\">\n\t\t\t\t<div class=\"elementor-widget-container\">\n\t\t\t\t\t\t\t\t\t\t\t\t\t\t\t<img loading=\"lazy\" decoding=\"async\" width=\"1464\" height=\"600\" src=\"https:\/\/distinctlyyou.shop\/wp-content\/uploads\/2026\/03\/4-1.jpg\" class=\"attachment-full size-full wp-image-13516 wvs-archive-product-image\" alt=\"\" srcset=\"https:\/\/distinctlyyou.shop\/wp-content\/uploads\/2026\/03\/4-1.jpg 1464w, https:\/\/distinctlyyou.shop\/wp-content\/uploads\/2026\/03\/4-1-300x123.jpg 300w, https:\/\/distinctlyyou.shop\/wp-content\/uploads\/2026\/03\/4-1-1024x420.jpg 1024w, https:\/\/distinctlyyou.shop\/wp-content\/uploads\/2026\/03\/4-1-768x315.jpg 768w, https:\/\/distinctlyyou.shop\/wp-content\/uploads\/2026\/03\/4-1-18x7.jpg 18w, https:\/\/distinctlyyou.shop\/wp-content\/uploads\/2026\/03\/4-1-600x246.jpg 600w, https:\/\/distinctlyyou.shop\/wp-content\/uploads\/2026\/03\/4-1-1x1.jpg 1w, https:\/\/distinctlyyou.shop\/wp-content\/uploads\/2026\/03\/4-1-10x4.jpg 10w\" sizes=\"auto, (max-width: 1464px) 100vw, 1464px\" \/>\t\t\t\t\t\t\t\t\t\t\t\t\t\t\t<\/div>\n\t\t\t\t<\/div>\n\t\t\t\t\t<\/div>\n\t\t\t\t<\/div>\n\t\t<div class=\"elementor-element elementor-element-23221d81 e-flex e-con-boxed e-con e-parent\" data-id=\"23221d81\" data-element_type=\"container\" data-settings=\"{&quot;ekit_has_onepagescroll_dot&quot;:&quot;yes&quot;}\">\n\t\t\t\t\t<div class=\"e-con-inner\">\n\t\t\t\t<div class=\"elementor-element elementor-element-29386adc elementor-widget elementor-widget-heading\" data-id=\"29386adc\" data-element_type=\"widget\" data-settings=\"{&quot;ekit_we_effect_on&quot;:&quot;none&quot;}\" data-widget_type=\"heading.default\">\n\t\t\t\t<div class=\"elementor-widget-container\">\n\t\t\t\t\t<h2 class=\"elementor-heading-title elementor-size-default\">Disfrute de un completo kit de herramientas que facilita el repostaje, la instalaci\u00f3n y el mantenimiento. Todo lo que necesita para mantener su motosierra de gasolina en plena forma est\u00e1 incluido.<\/h2>\t\t\t\t<\/div>\n\t\t\t\t<\/div>\n\t\t\t\t\t<\/div>\n\t\t\t\t<\/div>\n\t\t<div class=\"elementor-element elementor-element-6049cccf e-flex e-con-boxed e-con e-parent\" data-id=\"6049cccf\" data-element_type=\"container\" data-settings=\"{&quot;ekit_has_onepagescroll_dot&quot;:&quot;yes&quot;}\">\n\t\t\t\t\t<div class=\"e-con-inner\">\n\t\t\t\t<div class=\"elementor-element elementor-element-326e14a1 elementor-widget elementor-widget-image\" data-id=\"326e14a1\" data-element_type=\"widget\" data-settings=\"{&quot;ekit_we_effect_on&quot;:&quot;none&quot;}\" data-widget_type=\"image.default\">\n\t\t\t\t<div class=\"elementor-widget-container\">\n\t\t\t\t\t\t\t\t\t\t\t\t\t\t\t<img loading=\"lazy\" decoding=\"async\" width=\"1464\" height=\"600\" src=\"https:\/\/distinctlyyou.shop\/wp-content\/uploads\/2026\/03\/5-1.jpg\" class=\"attachment-full size-full wp-image-13517 wvs-archive-product-image\" alt=\"\" srcset=\"https:\/\/distinctlyyou.shop\/wp-content\/uploads\/2026\/03\/5-1.jpg 1464w, https:\/\/distinctlyyou.shop\/wp-content\/uploads\/2026\/03\/5-1-300x123.jpg 300w, https:\/\/distinctlyyou.shop\/wp-content\/uploads\/2026\/03\/5-1-1024x420.jpg 1024w, https:\/\/distinctlyyou.shop\/wp-content\/uploads\/2026\/03\/5-1-768x315.jpg 768w, https:\/\/distinctlyyou.shop\/wp-content\/uploads\/2026\/03\/5-1-18x7.jpg 18w, https:\/\/distinctlyyou.shop\/wp-content\/uploads\/2026\/03\/5-1-600x246.jpg 600w, https:\/\/distinctlyyou.shop\/wp-content\/uploads\/2026\/03\/5-1-1x1.jpg 1w, https:\/\/distinctlyyou.shop\/wp-content\/uploads\/2026\/03\/5-1-10x4.jpg 10w\" sizes=\"auto, (max-width: 1464px) 100vw, 1464px\" \/>\t\t\t\t\t\t\t\t\t\t\t\t\t\t\t<\/div>\n\t\t\t\t<\/div>\n\t\t\t\t\t<\/div>\n\t\t\t\t<\/div>\n\t\t<div class=\"elementor-element elementor-element-432a8563 e-flex e-con-boxed e-con e-parent\" data-id=\"432a8563\" data-element_type=\"container\" data-settings=\"{&quot;ekit_has_onepagescroll_dot&quot;:&quot;yes&quot;}\">\n\t\t\t\t\t<div class=\"e-con-inner\">\n\t\t\t\t<div class=\"elementor-element elementor-element-1621ff12 elementor-widget elementor-widget-heading\" data-id=\"1621ff12\" data-element_type=\"widget\" data-settings=\"{&quot;ekit_we_effect_on&quot;:&quot;none&quot;}\" data-widget_type=\"heading.default\">\n\t\t\t\t<div class=\"elementor-widget-container\">\n\t\t\t\t\t<h2 class=\"elementor-heading-title elementor-size-default\">Ya sea para talar \u00e1rboles, podar o cortar madera, esta motosierra de gas port\u00e1til lo hace todo con facilidad. Es la herramienta que necesitas para una gran variedad de trabajos al aire libre.<\/h2>\t\t\t\t<\/div>\n\t\t\t\t<\/div>\n\t\t\t\t\t<\/div>\n\t\t\t\t<\/div>\n\t\t<div class=\"elementor-element elementor-element-6acb0cf e-flex e-con-boxed e-con e-parent\" data-id=\"6acb0cf\" data-element_type=\"container\" data-settings=\"{&quot;ekit_has_onepagescroll_dot&quot;:&quot;yes&quot;}\">\n\t\t\t\t\t<div class=\"e-con-inner\">\n\t\t\t\t<div class=\"elementor-element elementor-element-1792e94 elementor-widget elementor-widget-image\" data-id=\"1792e94\" data-element_type=\"widget\" data-settings=\"{&quot;ekit_we_effect_on&quot;:&quot;none&quot;}\" data-widget_type=\"image.default\">\n\t\t\t\t<div class=\"elementor-widget-container\">\n\t\t\t\t\t\t\t\t\t\t\t\t\t\t\t<img loading=\"lazy\" decoding=\"async\" width=\"1464\" height=\"600\" src=\"https:\/\/distinctlyyou.shop\/wp-content\/uploads\/2026\/03\/6.jpg\" class=\"attachment-full size-full wp-image-13518 wvs-archive-product-image\" alt=\"\" srcset=\"https:\/\/distinctlyyou.shop\/wp-content\/uploads\/2026\/03\/6.jpg 1464w, https:\/\/distinctlyyou.shop\/wp-content\/uploads\/2026\/03\/6-300x123.jpg 300w, https:\/\/distinctlyyou.shop\/wp-content\/uploads\/2026\/03\/6-1024x420.jpg 1024w, https:\/\/distinctlyyou.shop\/wp-content\/uploads\/2026\/03\/6-768x315.jpg 768w, https:\/\/distinctlyyou.shop\/wp-content\/uploads\/2026\/03\/6-18x7.jpg 18w, https:\/\/distinctlyyou.shop\/wp-content\/uploads\/2026\/03\/6-600x246.jpg 600w, https:\/\/distinctlyyou.shop\/wp-content\/uploads\/2026\/03\/6-1x1.jpg 1w, https:\/\/distinctlyyou.shop\/wp-content\/uploads\/2026\/03\/6-10x4.jpg 10w\" sizes=\"auto, (max-width: 1464px) 100vw, 1464px\" \/>\t\t\t\t\t\t\t\t\t\t\t\t\t\t\t<\/div>\n\t\t\t\t<\/div>\n\t\t\t\t\t<\/div>\n\t\t\t\t<\/div>\n\t\t<div class=\"elementor-element elementor-element-3fe5ae8e e-flex e-con-boxed e-con e-parent\" data-id=\"3fe5ae8e\" data-element_type=\"container\" data-settings=\"{&quot;ekit_has_onepagescroll_dot&quot;:&quot;yes&quot;}\">\n\t\t\t\t\t<div class=\"e-con-inner\">\n\t\t\t\t<div class=\"elementor-element elementor-element-bc5f55 elementor-widget elementor-widget-heading\" data-id=\"bc5f55\" data-element_type=\"widget\" data-settings=\"{&quot;ekit_we_effect_on&quot;:&quot;none&quot;}\" data-widget_type=\"heading.default\">\n\t\t\t\t<div class=\"elementor-widget-container\">\n\t\t\t\t\t<h2 class=\"elementor-heading-title elementor-size-default\">Acero de alta resistencia: Corte \u00e1rboles r\u00e1pidamente con nuestra motosierra de gas, gracias a su cadena y barra de acero de alta resistencia. La barra de 20\" reduce las salpicaduras de serr\u00edn, manteniendo su \u00e1rea de trabajo m\u00e1s limpia y segura. Esta motosierra est\u00e1 dise\u00f1ada para aumentar su eficacia y comodidad en el trabajo. Si tiene problemas de arranque, no dude en ponerse en contacto con nuestro servicio de atenci\u00f3n al cliente para obtener ayuda.<br>\nPotente rendimiento: Con un motor de 58CC, nuestra motosierra de gas corta la madera con suavidad y sin paradas. Con 3.22HP de potencia, 2.4KW\/8500 RPM de velocidad del motor, y la velocidad m\u00e1xima que alcanza hasta 12000 RPM, podr\u00e1 disfrutar de la \u00faltima sensaci\u00f3n de funcionamiento tra\u00eddo por el poder fuerte.<br>\nC\u00f3modo y Estable: Disfrute de una experiencia de corte estable y c\u00f3moda con el amortiguador incorporado. Reduce las vibraciones, prolonga la vida \u00fatil de su motosierra de gasolina y reduce los costes de mantenimiento, haciendo su trabajo m\u00e1s agradable.<br>\nCorte f\u00e1cil: Realice tareas de recorte y tala con facilidad. El di\u00e1metro de corte de la motosierra de gasolina alcanza los 455 mm, lo que la hace vers\u00e1til para todas sus necesidades de corte en exteriores.<br>\nDep\u00f3sito de combustible duradero: Construido con una carcasa exterior resistente, el dep\u00f3sito de combustible de nuestra motosierra de mango superior soporta condiciones duras y evita fugas. Con un dep\u00f3sito de combustible de 550 ml (0,58 qt) y un dep\u00f3sito de aceite de cadena de 260 ml (0,27 qt), pasar\u00e1 menos tiempo repostando y m\u00e1s tiempo cortando.<\/h2>\t\t\t\t<\/div>\n\t\t\t\t<\/div>\n\t\t\t\t\t<\/div>\n\t\t\t\t<\/div>\n\t\t\t\t<\/div>","protected":false},"excerpt":{"rendered":"<p>VEVOR Gas Chainsaw \u2013 Cut with Power, Work with Ease Get to work in no time with our gas chainsaw&#8217;s&#8230;<\/p>","protected":false},"featured_media":13497,"comment_status":"open","ping_status":"closed","template":"","meta":{"_acf_changed":false},"etheme_brands":[],"product_brand":[],"product_cat":[118],"product_tag":[],"class_list":{"0":"post-13492","1":"product","2":"type-product","3":"status-publish","4":"has-post-thumbnail","6":"product_cat-sale-shop","8":"first","9":"instock","10":"sale","11":"shipping-taxable","12":"purchasable","13":"product-type-variable","14":"wvs-archive-product-wrapper"},"acf":[],"_links":{"self":[{"href":"https:\/\/distinctlyyou.shop\/es\/wp-json\/wp\/v2\/product\/13492","targetHints":{"allow":["GET"]}}],"collection":[{"href":"https:\/\/distinctlyyou.shop\/es\/wp-json\/wp\/v2\/product"}],"about":[{"href":"https:\/\/distinctlyyou.shop\/es\/wp-json\/wp\/v2\/types\/product"}],"replies":[{"embeddable":true,"href":"https:\/\/distinctlyyou.shop\/es\/wp-json\/wp\/v2\/comments?post=13492"}],"version-history":[{"count":4,"href":"https:\/\/distinctlyyou.shop\/es\/wp-json\/wp\/v2\/product\/13492\/revisions"}],"predecessor-version":[{"id":13529,"href":"https:\/\/distinctlyyou.shop\/es\/wp-json\/wp\/v2\/product\/13492\/revisions\/13529"}],"wp:featuredmedia":[{"embeddable":true,"href":"https:\/\/distinctlyyou.shop\/es\/wp-json\/wp\/v2\/media\/13497"}],"wp:attachment":[{"href":"https:\/\/distinctlyyou.shop\/es\/wp-json\/wp\/v2\/media?parent=13492"}],"wp:term":[{"taxonomy":"brand","embeddable":true,"href":"https:\/\/distinctlyyou.shop\/es\/wp-json\/wp\/v2\/etheme_brands?post=13492"},{"taxonomy":"product_brand","embeddable":true,"href":"https:\/\/distinctlyyou.shop\/es\/wp-json\/wp\/v2\/product_brand?post=13492"},{"taxonomy":"product_cat","embeddable":true,"href":"https:\/\/distinctlyyou.shop\/es\/wp-json\/wp\/v2\/product_cat?post=13492"},{"taxonomy":"product_tag","embeddable":true,"href":"https:\/\/distinctlyyou.shop\/es\/wp-json\/wp\/v2\/product_tag?post=13492"}],"curies":[{"name":"wp","href":"https:\/\/api.w.org\/{rel}","templated":true}]}}